{"id":7,"date":"2020-05-21T12:59:11","date_gmt":"2020-05-21T10:59:11","guid":{"rendered":"http:\/\/newsimnorden.de\/?page_id=7"},"modified":"2020-05-21T13:01:56","modified_gmt":"2020-05-21T11:01:56","slug":"den-ostseeraum-bereisen","status":"publish","type":"page","link":"http:\/\/newsimnorden.de\/","title":{"rendered":"Den Ostseeraum bereisen"},"content":{"rendered":"\n<figure class=\"wp-block-image is-resized\"><img loading=\"lazy\" src=\"http:\/\/newsimnorden.de\/wp-content\/uploads\/2020\/05\/aurora-borealis-1933239-1024x681.jpg\" alt=\"\" class=\"wp-image-10\" width=\"730\" height=\"485\" srcset=\"http:\/\/newsimnorden.de\/wp-content\/uploads\/2020\/05\/aurora-borealis-1933239-1024x681.jpg 1024w, http:\/\/newsimnorden.de\/wp-content\/uploads\/2020\/05\/aurora-borealis-1933239-300x199.jpg 300w, http:\/\/newsimnorden.de\/wp-content\/uploads\/2020\/05\/aurora-borealis-1933239-768x511.jpg 768w, http:\/\/newsimnorden.de\/wp-content\/uploads\/2020\/05\/aurora-borealis-1933239.jpg 1280w\" sizes=\"(max-width: 730px) 100vw, 730px\" \/><\/figure>\n\n\n\n<p>Die n\u00f6rdlichen Bundesl\u00e4nder Deutschlands sind traditionell eng mit Skandinavien verbunden. Kultur und Br\u00e4uche verbinden die Nordmenschen genauso wie die gemeinsame Liebe zum Wasser. Kulminationspunkt zwischen den deutschen und den skandinavischen Landen ist zweifellos die Ostsee. Sie liegt im Zentrum dieses Kulturraumes. Auch wenn die gro\u00dfe Schwester, die Nordsee, ebenfalls an Deutschland und fast alle skandinavischen L\u00e4nder grenzt, so ist es doch das baltische Meer, das diesem Kulturraum seinen Charakter verleiht<\/p>\n\n\n\n<p>Reisen in Richtung Skandinavien sind immer auch Reisen um das Wasser herum oder \u00fcber das Meer. Direkte Zugverbindungen gibt es nur aus Hamburg in Richtung Kopenhagen und weiter nach Malm\u00f6. Die Eisenbahnf\u00e4hre von R\u00fcgen nach Schweden gibt es leider nicht mehr.<\/p>\n\n\n\n<h4>Mit dem Auto \u00fcber die Br\u00fccken<\/h4>\n\n\n\n<p>Viel mehr M\u00f6glichkeiten ergeben sich f\u00fcr das Reisen mit dem eigenen Fahrzeug. Wichtigste Route ist hier die Autobahn A7 von Hamburg \u00fcber Flensburg in Richtung D\u00e4nemark. Sie f\u00fchrt weiter bis nach Aalborg im Norden der Halbinsel J\u00fctland. \u00dcber die Querung der Belte f\u00fchrt die Fahrt in die d\u00e4nische Hauptstadt Kopenhagen. Weiter \u00fcber den \u00d6resund geht es trockenen Fu\u00dfes auf diesem Wege auch nach Schweden. Nach Norwegen kann es mit der Kombination Autobahnen &#8211; F\u00e4hre gehen. Hinter Aalborg sind es nur wenige Kilometer nach Hirtshals, von wo aus die F\u00e4hren \u00fcber den Skagrarak nach Kristiansand, Oslo, Stavanger, Bergen und Larvik verkehren.<\/p>\n\n\n\n<p>Wer sich die Fahrt \u00fcber Flensburg sparen will, kann bereits auf der Insel Fehmarn oder in der schleswig-holsteinischen Hauptstadt Kiel die F\u00e4hre besteigen. Die Querung zwischen Fehmarn und Robyhavn dauert nur rund 45 Minuten und wird traditionell auch \u201eVogelfluglinie\u201c genannt. Zwar ist ein Tunnel mit fast achtzehn Kilometern L\u00e4nge unter der Ostsee an dieser Stelle geplant. Aber bis zur Er\u00f6ffnung Ende der 2020er-Jahre bleibt nur die F\u00e4hre als Alternative. In Kiel geht es mit F\u00e4hrschiffen im \u00dcbernachtbetrieb nicht nur ins Baltikum, sondern auch nach Kopenhagen, G\u00f6teborg und Oslo.<\/p>\n\n\n\n<p>Die \u00e4lteste und einstmals wichtigste Hansestadt L\u00fcbeck ist ebenfalls ein Tor nach Skandinavien. Nicht nur die Hinterlandanbindungen an die Autobahnen 20 und 1 sind hervorragend. Auch auf der Seeseite bieten sich viele M\u00f6glichkeiten zur Reise in Richtung Skandinavien. Vom gut ausgebauten F\u00e4hrhafen im Ortsteil Travem\u00fcnde starten die \u00dcberfahrten nach Helsinki, Trelleborg, Malm\u00f6 und ins Baltikum.<\/p>\n\n\n\n<p>Ebenfalls mit Autobahnanschluss ist der F\u00e4hrhafen von Rostock Warnem\u00fcnde ausgestattet. Hier st\u00f6\u00dft die A19 aus Berlin fast direkt ans Wasser. Die \u00dcberfahrt ins d\u00e4nische Gedser mit Stra\u00dfenanschluss nach Kopenhagen und ins schwedische Trelleborg k\u00f6nnen von hier aus in wenigen Stunden bew\u00e4ltigt werden. Von Sa\u00dfnitz auf der Insel R\u00fcgen steht noch immer die F\u00e4hrverbindung uns schwedische Trelleborg zur Verf\u00fcgung.<\/p>\n","protected":false},"excerpt":{"rendered":"<p>Die n\u00f6rdlichen Bundesl\u00e4nder Deutschlands sind traditionell eng mit Skandinavien verbunden. Kultur und Br\u00e4uche verbinden die Nordmenschen genauso wie die gemeinsame Liebe zum Wasser. Kulminationspunkt zwischen den deutschen und den skandinavischen Landen ist zweifellos die Ostsee. Sie liegt im Zentrum dieses Kulturraumes. Auch wenn die gro\u00dfe Schwester, die Nordsee, ebenfalls an Deutschland und fast alle skandinavischen [&hellip;]<\/p>\n","protected":false},"author":2,"featured_media":0,"parent":0,"menu_order":0,"comment_status":"closed","ping_status":"closed","template":"","meta":[],"_links":{"self":[{"href":"http:\/\/newsimnorden.de\/index.php?rest_route=\/wp\/v2\/pages\/7"}],"collection":[{"href":"http:\/\/newsimnorden.de\/index.php?rest_route=\/wp\/v2\/pages"}],"about":[{"href":"http:\/\/newsimnorden.de\/index.php?rest_route=\/wp\/v2\/types\/page"}],"author":[{"embeddable":true,"href":"http:\/\/newsimnorden.de\/index.php?rest_route=\/wp\/v2\/users\/2"}],"replies":[{"embeddable":true,"href":"http:\/\/newsimnorden.de\/index.php?rest_route=%2Fwp%2Fv2%2Fcomments&post=7"}],"version-history":[{"count":2,"href":"http:\/\/newsimnorden.de\/index.php?rest_route=\/wp\/v2\/pages\/7\/revisions"}],"predecessor-version":[{"id":11,"href":"http:\/\/newsimnorden.de\/index.php?rest_route=\/wp\/v2\/pages\/7\/revisions\/11"}],"wp:attachment":[{"href":"http:\/\/newsimnorden.de\/index.php?rest_route=%2Fwp%2Fv2%2Fmedia&parent=7"}],"curies":[{"name":"wp","href":"https:\/\/api.w.org\/{rel}","templated":true}]}}